{"id":53,"date":"2024-09-22T07:30:00","date_gmt":"2024-09-22T05:30:00","guid":{"rendered":"https:\/\/victorwetterwald.com\/?page_id=53"},"modified":"2024-09-27T18:40:13","modified_gmt":"2024-09-27T16:40:13","slug":"a-propos","status":"publish","type":"page","link":"https:\/\/victorwetterwald.com\/index.php\/a-propos\/","title":{"rendered":"\u00c0 propos"},"content":{"rendered":"<div class=\"kb-row-layout-wrap kb-row-layout-id53_8f8160-e8 alignnone wp-block-kadence-rowlayout\"><div class=\"kt-row-column-wrap kt-has-2-columns kt-row-layout-right-golden kt-tab-layout-inherit kt-mobile-layout-row kt-row-valign-top kb-theme-content-width\">\n\n<div class=\"wp-block-kadence-column kadence-column53_912781-5f\"><div class=\"kt-inside-inner-col\">\n<figure class=\"wp-block-kadence-image kb-image53_2c058a-85 size-full\"><img loading=\"lazy\" decoding=\"async\" width=\"563\" height=\"1000\" src=\"http:\/\/victorwetterwald.com\/wp-content\/uploads\/2024\/09\/QuiSuisJe.jpg\" alt=\"Victor Wetterwald maroquinier\" class=\"kb-img wp-image-202\" srcset=\"https:\/\/victorwetterwald.com\/wp-content\/uploads\/2024\/09\/QuiSuisJe.jpg 563w, https:\/\/victorwetterwald.com\/wp-content\/uploads\/2024\/09\/QuiSuisJe-169x300.jpg 169w\" sizes=\"auto, (max-width: 563px) 100vw, 563px\" \/><\/figure>\n<\/div><\/div>\n\n\n\n<div class=\"wp-block-kadence-column kadence-column53_987458-0b\"><div class=\"kt-inside-inner-col\">\n<h1 class=\"kt-adv-heading53_638353-ce wp-block-kadence-advancedheading\" data-kb-block=\"kb-adv-heading53_638353-ce\">Victor Wetterwald<\/h1>\n\n\n\n<span class=\"kt-adv-heading53_e09e4b-0f wp-block-kadence-advancedheading\" data-kb-block=\"kb-adv-heading53_e09e4b-0f\">Je m&rsquo;appelle Victor Wetterwald, maroquinier \u00e0 Arles. Dans mon atelier, o\u00f9 se m\u00ealent cuir, aiguilles et fils, je cr\u00e9e aux c\u00f4t\u00e9s de ma femme, Aur\u00e9lie Guillemin, bijouti\u00e8re d&rsquo;exception. Notre collaboration donne naissance \u00e0 des \u0153uvres racontant des histoires uniques.<\/span>\n\n\n\n<span class=\"kt-adv-heading53_56d197-75 wp-block-kadence-advancedheading\" data-kb-block=\"kb-adv-heading53_56d197-75\">Passionn\u00e9 par mon m\u00e9tier depuis plus de 10 ans, je transforme chaque jour le cuir en cr\u00e9ations qui refl\u00e8tent mon histoire personnelle. Chaque pi\u00e8ce est une expression de mon lien profond avec mon art.<\/span>\n\n\n\n<span class=\"kt-adv-heading53_32ff1b-44 wp-block-kadence-advancedheading\" data-kb-block=\"kb-adv-heading53_32ff1b-44\">En tant que p\u00e8re, je trouve de l&rsquo;inspiration dans les yeux de ma fille, motiv\u00e9 \u00e0 lui transmettre un h\u00e9ritage de passion et de savoir-faire. Elle est le c\u0153ur de ma qu\u00eate pour l&rsquo;excellence et l&rsquo;innovation dans mon travail.<\/span>\n\n\n\n<span class=\"kt-adv-heading53_6b4296-db wp-block-kadence-advancedheading\" data-kb-block=\"kb-adv-heading53_6b4296-db\">Au sein de mon atelier, je suis plus qu&rsquo;un artisan : je suis un narrateur de traditions, un p\u00e8re engag\u00e9 et un cr\u00e9ateur inspir\u00e9. Je suis Victor Wetterwald, un homme d\u00e9di\u00e9 \u00e0 son art et \u00e0 sa famille.<\/span>\n\n\n\n<span class=\"kt-adv-heading53_f3f04e-5f wp-block-kadence-advancedheading\" data-kb-block=\"kb-adv-heading53_f3f04e-5f\"><em>En tant que maroquinier, chaque pi\u00e8ce de cuir que je touche est un chapitre d&rsquo;une histoire que je raconte avec mes mains. Pour moi, fa\u00e7onner le cuir n&rsquo;est pas un m\u00e9tier, c&rsquo;est une conversation silencieuse avec la mati\u00e8re, o\u00f9 je partage mon respect pour la tradition et ma passion pour la cr\u00e9ation.<\/em><\/span>\n\n\n\n<span class=\"kt-adv-heading53_25dfdb-20 wp-block-kadence-advancedheading\" data-kb-block=\"kb-adv-heading53_25dfdb-20\"><\/span>\n<\/div><\/div>\n\n<\/div><\/div>","protected":false},"excerpt":{"rendered":"<p>Victor Wetterwald Je m&rsquo;appelle Victor Wetterwald, maroquinier \u00e0 Arles. Dans mon atelier, o\u00f9 se m\u00ealent cuir, aiguilles et fils, je cr\u00e9e aux c\u00f4t\u00e9s de ma femme, Aur\u00e9lie Guillemin, bijouti\u00e8re d&rsquo;exception. Notre collaboration donne naissance \u00e0 des \u0153uvres racontant des histoires uniques. Passionn\u00e9 par mon m\u00e9tier depuis plus de 10 ans, je transforme chaque jour le [&hellip;]<\/p>\n","protected":false},"author":3,"featured_media":0,"parent":0,"menu_order":0,"comment_status":"closed","ping_status":"closed","template":"page-header-footer-only","meta":{"footnotes":""},"class_list":["post-53","page","type-page","status-publish","hentry"],"_links":{"self":[{"href":"https:\/\/victorwetterwald.com\/index.php\/wp-json\/wp\/v2\/pages\/53","targetHints":{"allow":["GET"]}}],"collection":[{"href":"https:\/\/victorwetterwald.com\/index.php\/wp-json\/wp\/v2\/pages"}],"about":[{"href":"https:\/\/victorwetterwald.com\/index.php\/wp-json\/wp\/v2\/types\/page"}],"author":[{"embeddable":true,"href":"https:\/\/victorwetterwald.com\/index.php\/wp-json\/wp\/v2\/users\/3"}],"replies":[{"embeddable":true,"href":"https:\/\/victorwetterwald.com\/index.php\/wp-json\/wp\/v2\/comments?post=53"}],"version-history":[{"count":16,"href":"https:\/\/victorwetterwald.com\/index.php\/wp-json\/wp\/v2\/pages\/53\/revisions"}],"predecessor-version":[{"id":224,"href":"https:\/\/victorwetterwald.com\/index.php\/wp-json\/wp\/v2\/pages\/53\/revisions\/224"}],"wp:attachment":[{"href":"https:\/\/victorwetterwald.com\/index.php\/wp-json\/wp\/v2\/media?parent=53"}],"curies":[{"name":"wp","href":"https:\/\/api.w.org\/{rel}","templated":true}]}}