{"id":57,"date":"2024-09-22T11:04:42","date_gmt":"2024-09-22T09:04:42","guid":{"rendered":"https:\/\/victorwetterwald.com\/?page_id=57"},"modified":"2024-09-27T17:15:15","modified_gmt":"2024-09-27T15:15:15","slug":"contactv","status":"publish","type":"page","link":"https:\/\/victorwetterwald.com\/index.php\/contactv\/","title":{"rendered":"Contact"},"content":{"rendered":"\n<div class=\"wp-block-cover is-light\"><span aria-hidden=\"true\" class=\"wp-block-cover__background has-background-dim-70 has-background-dim\" style=\"background-color:#8f8477\"><\/span><img loading=\"lazy\" decoding=\"async\" width=\"900\" height=\"1200\" class=\"wp-block-cover__image-background wp-image-153\" alt=\"\" src=\"http:\/\/victorwetterwald.com\/wp-content\/uploads\/2024\/09\/vitrine-boutique.jpg\" style=\"object-position:50% 50%\" data-object-fit=\"cover\" data-object-position=\"50% 50%\" srcset=\"https:\/\/victorwetterwald.com\/wp-content\/uploads\/2024\/09\/vitrine-boutique.jpg 900w, https:\/\/victorwetterwald.com\/wp-content\/uploads\/2024\/09\/vitrine-boutique-225x300.jpg 225w, https:\/\/victorwetterwald.com\/wp-content\/uploads\/2024\/09\/vitrine-boutique-768x1024.jpg 768w\" sizes=\"auto, (max-width: 900px) 100vw, 900px\" \/><div class=\"wp-block-cover__inner-container is-layout-constrained wp-block-cover-is-layout-constrained\"><div class=\"kb-row-layout-wrap kb-row-layout-id104_34d257-e7 alignnone wp-block-kadence-rowlayout\"><div class=\"kt-row-column-wrap kt-has-2-columns kt-row-layout-left-golden kt-tab-layout-inherit kt-mobile-layout-row kt-row-valign-top kb-theme-content-width\">\n\n<div class=\"wp-block-kadence-column kadence-column104_d2a63e-fe inner-column-1\"><div class=\"kt-inside-inner-col\">\n<h2 class=\"kt-adv-heading104_929bc9-6c wp-block-kadence-advancedheading\" data-kb-block=\"kb-adv-heading104_929bc9-6c\">Contactez-moi<\/h2>\n\n\n\n<div class=\"wp-block-kadence-form kadence-form-104_9d2c19-31 kb-form-wrap\"><form class=\"kb-form\" action=\"\" method=\"post\" data-error-message=\"Merci de r\u00e9soudre le probl\u00e8me avant de r\u00e9it\u00e9rer l\u2019envoi.\"><div class=\"kadence-blocks-form-field kb-field-desk-width-50 kb-input-size-standard\"><label for=\"kb_field_104_9d2c19-31_0\">Nom<span class=\"required\">*<\/span><\/label><input name=\"kb_field_0\" id=\"kb_field_104_9d2c19-31_0\" data-label=\"Nom\" type=\"text\" placeholder=\"\" value=\"\" data-type=\"text\" class=\"kb-field kb-text-style-field kb-text-field kb-field-0\" data-required=\"yes\"\/><\/div><div class=\"kadence-blocks-form-field kb-form-field-1 kb-field-desk-width-50 kb-input-size-standard\"><label for=\"kb_field_104_9d2c19-31_1\">Pr\u00e9nom<\/label><input name=\"kb_field_1\" id=\"kb_field_104_9d2c19-31_1\" data-label=\"Pr\u00e9nom\" type=\"text\" placeholder=\"\" value=\"\" data-type=\"text\" class=\"kb-field kb-text-style-field kb-text-field kb-field-1\"\/><\/div><div class=\"kadence-blocks-form-field kb-form-field-2 kb-field-desk-width-100 kb-input-size-standard\"><label for=\"kb_field_104_9d2c19-31_2\">Email<span class=\"required\">*<\/span><\/label><input name=\"kb_field_2\" id=\"kb_field_104_9d2c19-31_2\" data-label=\"Email\" type=\"email\" placeholder=\"\" value=\"\" data-type=\"email\" class=\"kb-field kb-text-style-field kb-email-field kb-field-2\" data-required=\"yes\"\/><\/div><div class=\"kadence-blocks-form-field kb-form-field-3 kb-field-desk-width-100 kb-input-size-standard\"><label for=\"kb_field_104_9d2c19-31_3\">Message<span class=\"required\">*<\/span><\/label><textarea name=\"kb_field_3\" id=\"kb_field_104_9d2c19-31_3\" data-label=\"Message\" type=\"textarea\" placeholder=\"\" data-type=\"textarea\" class=\"kb-field kb-text-style-field kb-textarea-field kb-field-3\" rows=\"4\" data-required=\"yes\"><\/textarea><\/div><input type=\"hidden\" name=\"_kb_form_id\" value=\"104_9d2c19-31\"\/><input type=\"hidden\" name=\"_kb_form_post_id\" value=\"104\"\/><input type=\"hidden\" name=\"action\" value=\"kb_process_ajax_submit\"\/><label class=\"kadence-verify-label\">Email<input class=\"kadence-blocks-field verify\" type=\"text\" name=\"_kb_verify_email\" autocomplete=\"new-password\" aria-hidden=\"true\" placeholder=\"Email\" tabindex=\"-1\" data-1p-ignore=\"true\" data-lpignore=\"true\" \/><\/label><div class=\"kadence-blocks-form-field kb-submit-field kb-field-desk-width-100\"><button class=\"kb-forms-submit button kb-button-size-standard kb-button-width-auto\">Envoyer<\/button><\/div><\/form><\/div>\n<noscript><div class=\"kadence-blocks-form-message kadence-blocks-form-warning\">Veuillez activer JavaScript dans votre navigateur pour envoyer le formulaire.<\/div><style>.kadence-form-104_9d2c19-31 .kadence-blocks-form-field.kb-submit-field { display: none; }<\/style><\/noscript><\/div><\/div>\n\n\n\n<div class=\"wp-block-kadence-column kadence-column104_0a940c-d3 inner-column-2\"><div class=\"kt-inside-inner-col\">\n<h2 class=\"kt-adv-heading104_6d3f8b-36 wp-block-kadence-advancedheading\" data-kb-block=\"kb-adv-heading104_6d3f8b-36\">Adresse<\/h2>\n\n\n\n<div class=\"wp-block-kadence-spacer aligncenter kt-block-spacer-104_01168d-4e\"><div class=\"kt-block-spacer kt-block-spacer-halign-center\"><hr class=\"kt-divider\"\/><\/div><\/div>\n\n\n\n<span class=\"kt-adv-heading104_a636ce-e2 wp-block-kadence-advancedheading\" data-kb-block=\"kb-adv-heading104_a636ce-e2\">Victor Wetterwald<\/span>\n\n\n\n<span class=\"kt-adv-heading104_3678b3-82 wp-block-kadence-advancedheading\" data-kb-block=\"kb-adv-heading104_3678b3-82\">11 rue du quatre septembre<br>13200 Arles<\/span>\n\n\n\n<span class=\"kt-adv-heading104_316265-24 wp-block-kadence-advancedheading\" data-kb-block=\"kb-adv-heading104_316265-24\">06 31 11 97 96<\/span>\n\n\n\n<span class=\"kt-adv-heading104_b7e4fe-65 wp-block-kadence-advancedheading\" data-kb-block=\"kb-adv-heading104_b7e4fe-65\">victor.wetterwald@gmail.com<\/span>\n\n\n\n<div class=\"wp-block-kadence-spacer aligncenter kt-block-spacer-104_afa4ed-3e\"><div class=\"kt-block-spacer kt-block-spacer-halign-center\"><hr class=\"kt-divider\"\/><\/div><\/div>\n\n\n<div class=\"kb-row-layout-wrap kb-row-layout-id104_c873af-39 alignnone wp-block-kadence-rowlayout\"><div class=\"kt-row-column-wrap kt-has-1-columns kt-row-layout-equal kt-tab-layout-inherit kt-mobile-layout-row kt-row-valign-top\">\n\n<div class=\"wp-block-kadence-column kadence-column104_dd0060-5e inner-column-1\"><div class=\"kt-inside-inner-col\">\n<div class=\"wp-block-kadence-icon kt-svg-icons kt-svg-icons104_8bf30d-41 alignnone\">\n<div class=\"wp-block-kadence-single-icon kt-svg-style-default kt-svg-icon-wrap kt-svg-item-104_bd5106-b3\"><a href=\"https:\/\/g.co\/kgs\/4mHocCm\" class=\"kt-svg-icon-link\" target=\"_blank\" rel=\"noopener noreferrer\"><span class=\"kb-svg-icon-wrap kb-svg-icon-fa_google\"><svg viewBox=\"0 0 488 512\"  fill=\"currentColor\" xmlns=\"http:\/\/www.w3.org\/2000\/svg\"  aria-hidden=\"true\"><path d=\"M488 261.8C488 403.3 391.1 504 248 504 110.8 504 0 393.2 0 256S110.8 8 248 8c66.8 0 123 24.5 166.3 64.9l-67.5 64.9C258.5 52.6 94.3 116.6 94.3 256c0 86.5 69.1 156.6 153.7 156.6 98.2 0 135-70.4 140.8-106.9H248v-85.3h236.1c2.3 12.7 3.9 24.9 3.9 41.4z\"\/><\/svg><\/span><\/a><\/div>\n\n\n\n<div class=\"wp-block-kadence-single-icon kt-svg-style-default kt-svg-icon-wrap kt-svg-item-104_c7a342-d7\"><span class=\"kb-svg-icon-wrap kb-svg-icon-fa_instagram\"><svg viewBox=\"0 0 448 512\"  fill=\"currentColor\" xmlns=\"http:\/\/www.w3.org\/2000\/svg\"  aria-hidden=\"true\"><path d=\"M224.1 141c-63.6 0-114.9 51.3-114.9 114.9s51.3 114.9 114.9 114.9S339 319.5 339 255.9 287.7 141 224.1 141zm0 189.6c-41.1 0-74.7-33.5-74.7-74.7s33.5-74.7 74.7-74.7 74.7 33.5 74.7 74.7-33.6 74.7-74.7 74.7zm146.4-194.3c0 14.9-12 26.8-26.8 26.8-14.9 0-26.8-12-26.8-26.8s12-26.8 26.8-26.8 26.8 12 26.8 26.8zm76.1 27.2c-1.7-35.9-9.9-67.7-36.2-93.9-26.2-26.2-58-34.4-93.9-36.2-37-2.1-147.9-2.1-184.9 0-35.8 1.7-67.6 9.9-93.9 36.1s-34.4 58-36.2 93.9c-2.1 37-2.1 147.9 0 184.9 1.7 35.9 9.9 67.7 36.2 93.9s58 34.4 93.9 36.2c37 2.1 147.9 2.1 184.9 0 35.9-1.7 67.7-9.9 93.9-36.2 26.2-26.2 34.4-58 36.2-93.9 2.1-37 2.1-147.8 0-184.8zM398.8 388c-7.8 19.6-22.9 34.7-42.6 42.6-29.5 11.7-99.5 9-132.1 9s-102.7 2.6-132.1-9c-19.6-7.8-34.7-22.9-42.6-42.6-11.7-29.5-9-99.5-9-132.1s-2.6-102.7 9-132.1c7.8-19.6 22.9-34.7 42.6-42.6 29.5-11.7 99.5-9 132.1-9s102.7-2.6 132.1 9c19.6 7.8 34.7 22.9 42.6 42.6 11.7 29.5 9 99.5 9 132.1s2.7 102.7-9 132.1z\"\/><\/svg><\/span><\/div>\n<\/div>\n<\/div><\/div>\n\n<\/div><\/div><\/div><\/div>\n\n<\/div><\/div>\n\n<div class=\"kb-row-layout-wrap kb-row-layout-id57_4c3f32-3f alignnone wp-block-kadence-rowlayout\"><div class=\"kt-row-column-wrap kt-has-1-columns kt-row-layout-equal kt-tab-layout-inherit kt-mobile-layout-row kt-row-valign-top kb-theme-content-width\">\n\n<div class=\"wp-block-kadence-column kadence-column57_40f599-68\"><div class=\"kt-inside-inner-col\"><div class=\"kb-google-maps-container kb-google-maps-container57_6ee9a7-8b  wp-block-kadence-googlemaps\" data-mapid=\"57_6ee9a78b\"><iframe width=\"100%\" height=\"100%\"\n\t\t\t\t\t\t\tstyle=\"border:0\" loading=\"lazy\"\n\t\t\t\t\t\t\tsrc=\"https:\/\/www.google.com\/maps\/embed\/v1\/place?key=AIzaSyBAM2o7PiQqwk15LC1XRH2e_KJ-jUa7KYk&#038;zoom=16&#038;maptype=roadmap&#038;q=11+rue+du+quatre+septembre%2C+13200+Arles\"\n\t\t\t\t\t\t\ttitle=\"Carte Google de 11 rue du quatre septembre, 13200 Arles\"><\/iframe><\/div><script>function kb_google_map57_6ee9a78b() { let center = { lat: 37.8201, lng: -122.4781}; let map = new google.maps.Map(document.getElementById(\"kb-google-map57_6ee9a78b\"), {\n\t\t\t\t\t    zoom: 16,\n\t\t\t\t\t    center: center,});let marker = new google.maps.Marker({   position: { lat: 37.8201, lng: -122.4781},    map: map,  });}<\/script><\/div><\/div>\n\n<\/div><\/div><\/div><\/div>\n\n\n\n<p><\/p>\n","protected":false},"excerpt":{"rendered":"","protected":false},"author":1,"featured_media":0,"parent":0,"menu_order":0,"comment_status":"closed","ping_status":"closed","template":"page-header-footer-only","meta":{"footnotes":""},"class_list":["post-57","page","type-page","status-publish","hentry"],"_links":{"self":[{"href":"https:\/\/victorwetterwald.com\/index.php\/wp-json\/wp\/v2\/pages\/57","targetHints":{"allow":["GET"]}}],"collection":[{"href":"https:\/\/victorwetterwald.com\/index.php\/wp-json\/wp\/v2\/pages"}],"about":[{"href":"https:\/\/victorwetterwald.com\/index.php\/wp-json\/wp\/v2\/types\/page"}],"author":[{"embeddable":true,"href":"https:\/\/victorwetterwald.com\/index.php\/wp-json\/wp\/v2\/users\/1"}],"replies":[{"embeddable":true,"href":"https:\/\/victorwetterwald.com\/index.php\/wp-json\/wp\/v2\/comments?post=57"}],"version-history":[{"count":15,"href":"https:\/\/victorwetterwald.com\/index.php\/wp-json\/wp\/v2\/pages\/57\/revisions"}],"predecessor-version":[{"id":199,"href":"https:\/\/victorwetterwald.com\/index.php\/wp-json\/wp\/v2\/pages\/57\/revisions\/199"}],"wp:attachment":[{"href":"https:\/\/victorwetterwald.com\/index.php\/wp-json\/wp\/v2\/media?parent=57"}],"curies":[{"name":"wp","href":"https:\/\/api.w.org\/{rel}","templated":true}]}}